{"id":3,"date":"2025-01-27T07:18:49","date_gmt":"2025-01-27T07:18:49","guid":{"rendered":"https:\/\/siera-prod-fund-wordpress.rz.mup-digital.com\/?page_id=3"},"modified":"2025-05-14T16:34:25","modified_gmt":"2025-05-14T16:34:25","slug":"datenschutz","status":"publish","type":"page","link":"https:\/\/siera-fund.com\/en\/datenschutz\/","title":{"rendered":"Data protection"},"content":{"rendered":"\t\t<div data-elementor-type=\"wp-page\" data-elementor-id=\"3\" class=\"elementor elementor-3\" data-elementor-post-type=\"page\">\n\t\t\t\t<div class=\"elementor-element elementor-element-468ba502 e-flex e-con-boxed e-con e-parent\" data-id=\"468ba502\" data-element_type=\"container\" data-e-type=\"container\">\n\t\t\t\t\t<div class=\"e-con-inner\">\n\t\t\t\t<div class=\"elementor-element elementor-element-75c84b5 elementor-widget elementor-widget-heading\" data-id=\"75c84b5\" data-element_type=\"widget\" data-e-type=\"widget\" data-widget_type=\"heading.default\">\n\t\t\t\t<div class=\"elementor-widget-container\">\n\t\t\t\t\t<h2 class=\"elementor-heading-title elementor-size-default\">Datenschutzerkl\u00e4rung f\u00fcr den SIERA Impact Growth Fund<\/h2>\t\t\t\t<\/div>\n\t\t\t\t<\/div>\n\t\t\t\t<div class=\"elementor-element elementor-element-3933346f elementor-widget elementor-widget-text-editor\" data-id=\"3933346f\" data-element_type=\"widget\" data-e-type=\"widget\" data-widget_type=\"text-editor.default\">\n\t\t\t\t<div class=\"elementor-widget-container\">\n\t\t\t\t\t\t\t\t\t<p><strong>Der SIERA Impact Growth Fund verpflichtet sich zum Schutz Ihrer Privatsph\u00e4re und zur sicheren sowie verantwortungsvollen Verarbeitung Ihrer personenbezogenen Daten. Diese Datenschutzerkl\u00e4rung erl\u00e4utert, wie wir personenbezogene Daten erheben, nutzen, speichern und offenlegen, wenn Sie unsere Website [Website-URL] besuchen oder unsere Dienstleistungen in Anspruch nehmen. Diese Erkl\u00e4rung erfolgt in \u00dcbereinstimmung mit der Datenschutz-Grundverordnung (DSGVO) sowie dem Bundesdatenschutzgesetz (BDSG).<\/strong><\/p>\n\n<h3>1. Erhobene Informationen<\/h3>\n<h4>a) Personenbezogene Daten:<\/h4>\n<p>Dies sind Informationen, anhand derer Sie pers\u00f6nlich identifiziert werden k\u00f6nnen, z.\u202fB.:<\/p>\n<ul>\n    <li>Name<\/li>\n    <li>E-Mail-Adresse<\/li>\n    <li>Postanschrift<\/li>\n    <li>Telefonnummer<\/li>\n    <li>Anlagepr\u00e4ferenzen<\/li>\n    <li>Alle weiteren Informationen, die Sie uns freiwillig zur Verf\u00fcgung stellen (z.\u202fB. \u00fcber Formulare, Anfragen oder E-Mails)<\/li>\n<\/ul>\n\n<h4>b) Nicht-personenbezogene Daten:<\/h4>\n<p>Diese Informationen erlauben keinen R\u00fcckschluss auf Ihre Identit\u00e4t, z.\u202fB.:<\/p>\n<ul>\n    <li>Browsertyp<\/li>\n    <li>IP-Adresse<\/li>\n    <li>Datum und Uhrzeit des Zugriffs<\/li>\n    <li>Verweisende Website oder Suchmaschine<\/li>\n    <li>Nutzungsstatistiken der Website<\/li>\n<\/ul>\n\n<h3>2. Verwendungszwecke der Daten<\/h3>\n<p>Ihre personenbezogenen Daten verwenden wir insbesondere zu folgenden Zwecken:<\/p>\n<ul>\n    <li>Bereitstellung von Informationen, Angeboten und Aktualisierungen zu Investitionen<\/li>\n    <li>Beantwortung von Anfragen und Kontaktformularen<\/li>\n    <li>Abwicklung von Transaktionen und Verwaltung Ihrer Beteiligungen<\/li>\n    <li>Personalisierung Ihres Nutzererlebnisses<\/li>\n    <li>Erf\u00fcllung gesetzlicher und regulatorischer Verpflichtungen<\/li>\n<\/ul>\n\n<p>Nicht-personenbezogene Daten dienen dar\u00fcber hinaus der Optimierung von Funktionalit\u00e4t, Performance und Nutzerfreundlichkeit unserer Website.<\/p>\n\n<h3>3. Rechtsgrundlagen gem\u00e4\u00df DSGVO<\/h3>\n<p>Im Einklang mit der Datenschutz-Grundverordnung (DSGVO) verarbeiten wir Ihre personenbezogenen Daten auf Grundlage der folgenden rechtlichen Grundlagen:<\/p>\n<ul>\n    <li>Einwilligung (Art.\u202f6 Abs.\u202f1 lit.\u202fa DSGVO): Etwa bei der Anmeldung zu einem Newsletter oder bei der freiwilligen \u00dcbermittlung Ihrer Daten.<\/li>\n    <li>Vertragserf\u00fcllung (Art.\u202f6 Abs.\u202f1 lit.\u202fb DSGVO): Wenn die Verarbeitung zur Durchf\u00fchrung eines Vertrags oder vorvertraglicher Ma\u00dfnahmen erforderlich ist.<\/li>\n    <li>Rechtliche Verpflichtung (Art.\u202f6 Abs.\u202f1 lit.\u202fc DSGVO): Etwa zur Erf\u00fcllung steuerlicher oder aufsichtsrechtlicher Anforderungen.<\/li>\n    <li>Berechtigte Interessen (Art.\u202f6 Abs.\u202f1 lit.\u202ff DSGVO): Wenn unsere berechtigten Gesch\u00e4ftsinteressen nicht Ihre Grundrechte und -freiheiten \u00fcberwiegen.<\/li>\n<\/ul>\n\n<h3>4. Cookies und Tracking-Technologien<\/h3>\n<p>Wir verwenden Cookies und \u00e4hnliche Tracking-Technologien, um Ihr Nutzungserlebnis auf unserer Website zu verbessern. Cookies sind kleine Dateien, die auf Ihrem Endger\u00e4t gespeichert werden und uns dabei helfen, Ihr Nutzungsverhalten auf unserer Website besser zu verstehen. Sie haben die M\u00f6glichkeit, Cookies \u00fcber die Einstellungen Ihres Browsers zu deaktivieren \u2013 dies kann jedoch die Nutzung bestimmter Funktionen der Website einschr\u00e4nken.<\/p>\n\n<p>Zudem k\u00f6nnen wir Dienste Dritter, wie etwa Google Analytics, einsetzen, um das Besucherverhalten auf unserer Website zu analysieren. Auch diese Drittanbieter verwenden unter Umst\u00e4nden Cookies, um Informationen \u00fcber Ihre Interaktionen mit unserer Website zu erfassen.<\/p>\n\n<h4>Einsatz von Cookies<\/h4>\n<p>Zus\u00e4tzlich zu den oben genannten Daten werden bei der Nutzung unserer Website Cookies auf Ihrem Endger\u00e4t gespeichert. Cookies sind kleine Textdateien, die auf Ihrer Festplatte dem von Ihnen verwendeten Browser zugeordnet gespeichert werden. Sie enthalten Informationen, die eine Wiedererkennung Ihres Ger\u00e4ts erm\u00f6glichen und die Nutzung unserer Website insgesamt effizienter gestalten.<\/p>\n\n<p>Cookies sind nicht in der Lage, Programme auszuf\u00fchren oder Viren auf Ihr Ger\u00e4t zu \u00fcbertragen. Sie dienen ausschlie\u00dflich dazu, unsere Online-Dienste benutzerfreundlicher und insgesamt wirkungsvoller zu machen.<\/p>\n\n<h4>aa) Einsatz von Cookies<\/h4>\n<p>Diese Website verwendet die folgenden Arten von Cookies, die nachfolgend im Hinblick auf ihren Umfang und ihre Funktionalit\u00e4t n\u00e4her erl\u00e4utert werden:<\/p>\n\n<ul>\n    <li><strong>i) Tempor\u00e4re Cookies (sog. Session-Cookies):<\/strong>\n        <ul>\n            <li>Werden beim Schlie\u00dfen des Browsers automatisch gel\u00f6scht<\/li>\n            <li>Enthalten Session-IDs<\/li>\n            <li>Erm\u00f6glichen das Wiedererkennen Ihres Ger\u00e4ts innerhalb einer Sitzung<\/li>\n        <\/ul>\n    <\/li>\n\n    <li><strong>ii) Persistente Cookies (auch: dauerhafte Cookies):<\/strong>\n        <ul>\n            <li>Bleiben \u00fcber die Sitzung hinaus erhalten<\/li>\n            <li>Werden nach einem definierten Zeitraum automatisch gel\u00f6scht<\/li>\n            <li>K\u00f6nnen manuell \u00fcber Ihre Browsereinstellungen entfernt werden<\/li>\n        <\/ul>\n    <\/li>\n\n    <li><strong>iii) Cookies von Drittanbietern:<\/strong>\n        <p>Zus\u00e4tzlich erfolgt eine Datenverarbeitung im Zusammenhang mit folgenden Drittanbieter-Tools:<\/p>\n    <\/li>\n<\/ul>\n\n<h4>Google<\/h4>\n<p><strong>i) Google Analytics<\/strong><\/p>\n<p>Wir verwenden Google Analytics, einen Webanalysedienst der Google Ireland Limited, Gordon House, Barrow Street, Dublin 4, Irland.<\/p>\n\n<ul>\n    <li>Wenn Sie bei Ihrem ersten Besuch unserer Website keine Einwilligung erteilen, werden durch dieses Tool keine personenbezogenen Daten verarbeitet.<\/li>\n    <li>Google Analytics verwendet Cookies, um die Nutzung der Website zu analysieren und statistisch auszuwerten.<\/li>\n    <li>Die dabei erfassten Informationen k\u00f6nnen an einen Server von Google in den USA \u00fcbertragen und dort gespeichert werden.<\/li>\n    <li>Wir haben IP-Anonymisierung aktiviert. Das bedeutet, Ihre IP-Adresse wird innerhalb der Europ\u00e4ischen Union oder des Europ\u00e4ischen Wirtschaftsraums (EWR) gek\u00fcrzt, bevor eine \u00dcbertragung an Google erfolgt.<\/li>\n    <li>Die von Google gespeicherten Daten werden f\u00fcr einen Zeitraum von 14 Monaten aufbewahrt.<\/li>\n    <li>Google verarbeitet die Daten als Auftragsverarbeiter gem\u00e4\u00df Art.\u202f46 Abs.\u202f2 lit.\u202fc DSGVO auf Grundlage der von der Europ\u00e4ischen Kommission genehmigten Standardvertragsklauseln.<\/li>\n<\/ul>\n\n<p>Weitere Informationen:<\/p>\n<ul>\n    <li><a href=\"https:\/\/www.google.com\/analytics\/terms\" target=\"_blank\" rel=\"noopener\">Google Analytics Nutzungsbedingungen<\/a><\/li>\n    <li><a href=\"https:\/\/policies.google.com\/privacy\" target=\"_blank\" rel=\"noopener\">Google Datenschutzrichtlinie<\/a><\/li>\n<\/ul>\n\n<p><strong>ii) Google Tag Manager<\/strong><\/p>\n<p>Wir verwenden den Google Tag Manager, ein Tool zur Verwaltung von Website-Tags.<\/p>\n\n<ul>\n    <li>Dieses Tool verarbeitet keine personenbezogenen Daten, sondern dient ausschlie\u00dflich der Steuerung anderer Tracking-Tools.<\/li>\n    <li>Wenn Sie das Tracking auf Domain- oder Cookie-Ebene deaktivieren, gilt diese Einstellung f\u00fcr alle \u00fcber den Google Tag Manager eingebundenen Tags.<\/li>\n<\/ul>\n\n<h3>Cookie-Einstellungen und Opt-Out-M\u00f6glichkeiten<\/h3>\n<p>Sie k\u00f6nnen Ihre Browser-Einstellungen individuell anpassen, um:<\/p>\n<ul>\n    <li>Cookies von Drittanbietern oder alle Cookies zu blockieren,<\/li>\n    <li>gespeicherte Cookies manuell zu l\u00f6schen,<\/li>\n    <li>Tracking-Tools \u00fcber unser Cookie-Management-Tool zu deaktivieren.<\/li>\n<\/ul>\n\n<p>Bitte beachten Sie, dass das Deaktivieren bestimmter Cookies die Funktionalit\u00e4t einzelner Bereiche unserer Website einschr\u00e4nken kann.<\/p>\n\n<h3>5. Datensicherheit<\/h3>\n<p>Wir setzen angemessene technische und organisatorische Ma\u00dfnahmen ein, um Ihre Daten vor unbefugtem Zugriff, Manipulation oder Offenlegung zu sch\u00fctzen. Beachten Sie jedoch, dass keine Internet\u00fcbertragung vollst\u00e4ndig sicher ist. Wir bem\u00fchen uns um gr\u00f6\u00dftm\u00f6glichen Schutz, k\u00f6nnen aber keine absolute Sicherheit garantieren.<\/p>\n\n<h3>6. Weitergabe Ihrer Daten<\/h3>\n<p>Ihre Daten werden nicht verkauft oder vermietet. Weitergaben erfolgen ausschlie\u00dflich:<\/p>\n<ul>\n    <li>An Dienstleister: Etwa f\u00fcr Hosting, Zahlungsabwicklung, Marketing. Diese sind vertraglich zur Vertraulichkeit verpflichtet.<\/li>\n    <li>Zur Erf\u00fcllung rechtlicher Pflichten: Etwa bei Gerichtsbeschl\u00fcssen oder Beh\u00f6rdenanfragen.<\/li>\n    <li>Im Rahmen von Unternehmens\u00fcbertragungen: Bei Fusionen oder Verk\u00e4ufen mit vorheriger Information.<\/li>\n<\/ul>\n\n<h3>7. Ihre Rechte gem\u00e4\u00df DSGVO und BDSG<\/h3>\n<p>Sie haben insbesondere folgende Rechte:<\/p>\n<ul>\n    <li>Auskunft: \u00dcber die zu Ihrer Person gespeicherten Daten<\/li>\n    <li>Berichtigung: Unrichtiger oder unvollst\u00e4ndiger Daten<\/li>\n    <li>L\u00f6schung (\u201eRecht auf Vergessenwerden\u201c): Sie haben das Recht, die L\u00f6schung Ihrer personenbezogenen Daten zu verlangen \u2013 insbesondere dann, wenn diese f\u00fcr die Zwecke, f\u00fcr die sie erhoben wurden, nicht mehr erforderlich sind.<\/li>\n    <li>Einschr\u00e4nkung der Verarbeitung: Sie haben das Recht, unter bestimmten Voraussetzungen die Einschr\u00e4nkung der Verarbeitung Ihrer personenbezogenen Daten zu verlangen, z.\u202fB. wenn die Richtigkeit der Daten von Ihnen bestritten wird oder die Verarbeitung unrechtm\u00e4\u00dfig ist.<\/li>\n    <li>Daten\u00fcbertragbarkeit: In maschinenlesbarem Format<\/li>\n    <li>Widerspruch: Gegen die Verarbeitung, insbesondere zu Direktmarketingzwecken<\/li>\n    <li>Widerruf der Einwilligung: Jederzeit mit Wirkung f\u00fcr die Zukunft<\/li>\n<\/ul>\n\n<p>Zur Aus\u00fcbung dieser Rechte kontaktieren Sie uns bitte unter den nachstehenden Angaben.<\/p>\n\n<h3>8. Speicherfristen<\/h3>\n<p>Ihre Daten werden so lange gespeichert, wie dies zur Zweckerf\u00fcllung oder gesetzlichen Aufbewahrung erforderlich ist. Ein L\u00f6schverlangen richten Sie bitte an die unten genannte Kontaktadresse.<\/p>\n\n<h3>9. Datenschutz von Minderj\u00e4hrigen<\/h3>\n<p>Unser Angebot richtet sich nicht an Personen unter 18 Jahren. Sollten uns dennoch Daten solcher Personen bekannt werden, werden diese unverz\u00fcglich gel\u00f6scht.<\/p>\n\n<h3>10. Grenz\u00fcberschreitende Daten\u00fcbermittlungen<\/h3>\n<p>Ihre personenbezogenen Daten k\u00f6nnen in L\u00e4nder au\u00dferhalb des Europ\u00e4ischen Wirtschaftsraums (EWR) \u00fcbermittelt werden, in denen gegebenenfalls ein niedrigeres Datenschutzniveau als in der Europ\u00e4ischen Union gilt. In solchen F\u00e4llen stellen wir sicher, dass angemessene Schutzma\u00dfnahmen getroffen werden \u2013 insbesondere durch den Einsatz von Standardvertragsklauseln, die von der Europ\u00e4ischen Kommission genehmigt wurden, um ein angemessenes Datenschutzniveau zu gew\u00e4hrleisten.<\/p>\n\n<h3>11. \u00c4nderungen dieser Datenschutzerkl\u00e4rung<\/h3>\n<p>Wir behalten uns vor, diese Datenschutzerkl\u00e4rung bei Bedarf zu \u00fcberarbeiten, um sie an ge\u00e4nderte gesetzliche Rahmenbedingungen, technische Entwicklungen oder Anpassungen unserer Dienstleistungsangebote anzupassen. Die jeweils g\u00fcltige Fassung ist jederzeit auf unserer Website abrufbar und mit dem aktuellen Stand (Datum) versehen. Wir empfehlen Ihnen, sich regelm\u00e4\u00dfig \u00fcber den Inhalt der Datenschutzerkl\u00e4rung zu informieren, um stets \u00fcber die Verarbeitung und den Schutz Ihrer personenbezogenen Daten im Bilde zu sein.<\/p>\n\n<h3>12. Kontakt<\/h3>\n<p>Bei Fragen oder zur Geltendmachung Ihrer Rechte kontaktieren Sie uns bitte unter:<\/p>\n<ul>\n    <li>[Name des Investmentfonds]<\/li>\n    <li>[Adresse]<\/li>\n    <li>[E-Mail-Adresse]<\/li>\n    <li>[Telefonnummer]<\/li>\n<\/ul>\n\n<p>Wenn Sie mit unserer Datenverarbeitung nicht zufrieden sind, haben Sie das Recht, sich an den Bundesbeauftragten f\u00fcr den Datenschutz und die Informationsfreiheit (BfDI) oder eine zust\u00e4ndige Aufsichtsbeh\u00f6rde in Ihrem Wohnsitzland zu wenden.<\/p>\n\n<h3>Wichtige Hinweise:<\/h3>\n<ul>\n    <li>Die DSGVO sowie das BDSG stellen strenge Anforderungen an die Erhebung, Speicherung und Verarbeitung personenbezogener Daten. Es ist daher unerl\u00e4sslich, \u00fcber robuste technische und organisatorische Ma\u00dfnahmen zur Sicherstellung der Datenschutz-Compliance zu verf\u00fcgen.<\/li>\n    <li>Bei der Verarbeitung sensibler personenbezogener Daten \u2013 insbesondere solcher mit erh\u00f6htem Schutzbedarf wie Finanz- oder Gesundheitsdaten \u2013 sind zus\u00e4tzliche Schutzma\u00dfnahmen gesetzlich erforderlich.<\/li>\n    <li>Es wird ausdr\u00fccklich empfohlen, zur rechtssicheren Umsetzung der Datenschutzvorgaben und zur Ber\u00fccksichtigung aktueller regulatorischer Entwicklungen in der EU und Deutschland eine fachkundige rechtliche Beratung in Anspruch zu nehmen.<\/li>\n<\/ul>\n\t\t\t\t\t\t\t\t<\/div>\n\t\t\t\t<\/div>\n\t\t\t\t\t<\/div>\n\t\t\t\t<\/div>\n\t\t\t\t<\/div>\n\t\t","protected":false},"excerpt":{"rendered":"<p>Datenschutzerkl\u00e4rung f\u00fcr den SIERA Impact Growth Fund Der SIERA Impact Growth Fund verpflichtet sich zum Schutz Ihrer Privatsph\u00e4re und zur sicheren sowie verantwortungsvollen Verarbeitung Ihrer personenbezogenen Daten. Diese Datenschutzerkl\u00e4rung erl\u00e4utert, wie wir personenbezogene Daten erheben, nutzen, speichern und offenlegen, wenn Sie unsere Website [Website-URL] besuchen oder unsere Dienstleistungen in Anspruch nehmen. Diese Erkl\u00e4rung erfolgt in [&hellip;]<\/p>\n","protected":false},"author":1,"featured_media":0,"parent":0,"menu_order":0,"comment_status":"closed","ping_status":"closed","template":"","meta":{"footnotes":""},"class_list":["post-3","page","type-page","status-publish","hentry"],"_links":{"self":[{"href":"https:\/\/siera-fund.com\/en\/wp-json\/wp\/v2\/pages\/3","targetHints":{"allow":["GET"]}}],"collection":[{"href":"https:\/\/siera-fund.com\/en\/wp-json\/wp\/v2\/pages"}],"about":[{"href":"https:\/\/siera-fund.com\/en\/wp-json\/wp\/v2\/types\/page"}],"author":[{"embeddable":true,"href":"https:\/\/siera-fund.com\/en\/wp-json\/wp\/v2\/users\/1"}],"replies":[{"embeddable":true,"href":"https:\/\/siera-fund.com\/en\/wp-json\/wp\/v2\/comments?post=3"}],"version-history":[{"count":17,"href":"https:\/\/siera-fund.com\/en\/wp-json\/wp\/v2\/pages\/3\/revisions"}],"predecessor-version":[{"id":970,"href":"https:\/\/siera-fund.com\/en\/wp-json\/wp\/v2\/pages\/3\/revisions\/970"}],"wp:attachment":[{"href":"https:\/\/siera-fund.com\/en\/wp-json\/wp\/v2\/media?parent=3"}],"curies":[{"name":"wp","href":"https:\/\/api.w.org\/{rel}","templated":true}]}}