{"id":964,"date":"2025-12-11T11:29:01","date_gmt":"2025-12-11T11:29:01","guid":{"rendered":"https:\/\/siera-fund.com\/?page_id=964"},"modified":"2025-12-11T12:12:49","modified_gmt":"2025-12-11T12:12:49","slug":"impressum","status":"publish","type":"page","link":"https:\/\/siera-fund.com\/en\/impressum\/","title":{"rendered":"IMPRINT"},"content":{"rendered":"<div data-elementor-type=\"wp-page\" data-elementor-id=\"964\" class=\"elementor elementor-964\" data-elementor-post-type=\"page\">\n\t\t\t\t<div class=\"elementor-element elementor-element-468ba502 e-flex e-con-boxed e-con e-parent\" data-id=\"468ba502\" data-element_type=\"container\" data-e-type=\"container\">\n\t\t\t\t\t<div class=\"e-con-inner\">\n\t\t\t\t<div class=\"elementor-element elementor-element-75c84b5 elementor-widget elementor-widget-heading\" data-id=\"75c84b5\" data-element_type=\"widget\" data-e-type=\"widget\" data-widget_type=\"heading.default\">\n\t\t\t\t<div class=\"elementor-widget-container\">\n\t\t\t\t\t<h2 class=\"elementor-heading-title elementor-size-default\">IMPRINT<\/h2>\t\t\t\t<\/div>\n\t\t\t\t<\/div>\n\t\t\t\t<div class=\"elementor-element elementor-element-3933346f elementor-widget elementor-widget-text-editor\" data-id=\"3933346f\" data-element_type=\"widget\" data-e-type=\"widget\" data-widget_type=\"text-editor.default\">\n\t\t\t\t<div class=\"elementor-widget-container\">\n\t\t\t\t\t\t\t\t\t<p data-start=\"43\" data-end=\"66\"><strong data-start=\"43\" data-end=\"66\">LEGAL NOTICE<\/strong><\/p><p><b><span lang=\"en-US\">Association:\u00a0 \u00a0 \u00a0 \u00a0 \u00a0 \u00a0 \u00a0 \u00a0 \u00a0 \u00a0 \u00a0 \u00a0 \u00a0 \u00a0 \u00a0 \u00a0 \u00a0 \u00a0<\/span><\/b><span lang=\"en-US\">SIERA Impact Fund<\/span><\/p><p><b><span lang=\"en-US\">Address:<\/span><\/b><span lang=\"en-US\">\u00a0 \u00a0 \u00a0 \u00a0 \u00a0 \u00a0 \u00a0 \u00a0 \u00a0 \u00a0 \u00a0 \u00a0 \u00a0 \u00a0 \u00a0 \u00a0 6 rue dicks, L-1417 Luxembourg<\/span><\/p><p><span lang=\"en-US\"><strong data-start=\"147\" data-end=\"166\">Contact details:<\/strong>\u00a0 \u00a0 \u00a0 \u00a0 \u00a0 \u00a0 \u00a0 \u00a0Tel: + +352 20 600 100<\/span><\/p><p><b><span lang=\"en-US\">E-Mail:<\/span><\/b><span lang=\"en-US\">\u00a0 \u00a0 \u00a0 \u00a0 \u00a0 \u00a0 \u00a0 \u00a0 \u00a0 \u00a0 \u00a0 \u00a0 \u00a0 \u00a0 \u00a0 \u00a0 \u00a0 \u00a0 \u00a0siera@trustmoore.com<\/span><\/p><p><b><span lang=\"en-US\"><strong data-start=\"228\" data-end=\"257\">Members of the Board<\/strong>:<\/span><\/b><span lang=\"en-US\">\u00a0 \u00a0 Florian von Tucher, Panteo Global Parners S.\u00e0 r.l, Lisa G\u00fcnd\u00fcz<\/span><\/p><p><b><span lang=\"en-US\">Identification number:\u00a0 \u00a0 \u00a0<\/span><\/b><span lang=\"en-US\">RCS: B296526<\/span><\/p><p><b><span lang=\"en-US\">Exclusion of Liability: <\/span><\/b><span lang=\"en-US\">\u00a0SIERA Impact Fund is not responsible for the content of other internet sites linked in the context of this internet page. All in our internet pages listed information has been carefully researched.<\/span><\/p><p data-start=\"627\" data-end=\"642\"><strong data-start=\"627\" data-end=\"642\">Picture Rights:<\/strong><\/p><p><span lang=\"en-US\">\u00a9\u00a0<\/span><a title=\"http:\/\/web.archive.org\/web\/20211015022619\/https:\/pixabay.com\/de\/\" href=\"http:\/\/web.archive.org\/web\/20211015022619\/https:\/pixabay.com\/de\/\" data-auth=\"NotApplicable\" data-linkindex=\"0\" target=\"_blank\" rel=\"noopener\"><span lang=\"en-US\">Pixabay GmbH<\/span><\/a><\/p><p><span lang=\"en-US\">\u00a9\u00a0<\/span><a title=\"http:\/\/web.archive.org\/web\/20211015022619\/https:\/de.freepik.com\/hom\" href=\"http:\/\/web.archive.org\/web\/20211015022619\/https:\/de.freepik.com\/hom\" data-auth=\"NotApplicable\" data-linkindex=\"1\" target=\"_blank\" rel=\"noopener\"><span lang=\"en-US\">Freepik Company<\/span><\/a><\/p><p><span lang=\"en-US\">@G-Analytics<\/span><\/p><p><b><span lang=\"en-US\"><strong data-start=\"695\" data-end=\"729\">Responsible for content<\/strong>:<\/span><\/b><span lang=\"en-US\"><br \/>SIERA Agency<\/span><\/p><p><b><span lang=\"en-US\">Liability for contents<\/span><\/b><\/p><p class=\"translation-block\">We are responsible for our own content on this website in accordance with the general provisions of Swiss law. However, we are not obliged to monitor transmitted or stored third-party information or to investigate circumstances that indicate illegal activity.<br><br>\nObligations to remove or block the use of information under applicable Swiss law remain unaffected. Liability in this respect is, however, only possible from the time we become aware of a specific legal violation. As soon as we become aware of such infringements, we will remove this content immediately.<\/p><p><b><span lang=\"en-US\">External links<\/span><\/b><\/p><p>This website contains links to third-party websites (\u201cexternal links\u201d). The operators of those websites are solely responsible for their content. When the links were first created, the external content was reviewed for possible legal violations. At that time, no legal violations were apparent. We have no influence on the current and future design and content of linked websites.<br data-start=\"1782\" data-end=\"1785\" \/>The inclusion of external links does not mean that we adopt the content behind the reference or link as our own. Constant monitoring of these external links without concrete indications of legal violations is not reasonable. However, if we become aware of any legal violations, such external links will be removed immediately.<\/p><p><b><span lang=\"en-US\">Copyright<\/span><\/b><\/p><p>The contents published on this website are subject to Swiss copyright law. Any use not expressly permitted by copyright law requires the prior written consent of the rights holder. This applies in particular to duplication, editing, translation, storage, processing, or reproduction of content in databases or other electronic media and systems.<br data-start=\"2683\" data-end=\"2686\" \/>Unauthorized reproduction or distribution of individual contents or complete pages is not permitted and may be punishable by law. Copies and downloads of this website are only permitted for personal, private, and non-commercial use.<br data-start=\"2932\" data-end=\"2935\" \/>If content on this site was not created by us, the copyrights of third parties are respected. Third-party content is marked as such wherever possible. Should you nevertheless become aware of a copyright infringement, please notify us accordingly. As soon as we become aware of any infringements, we will remove such content immediately.<\/p><p><b><span lang=\"en-US\">Applicable law<\/span><\/b><\/p><p>The legal notices on this website as well as all questions and disputes in connection with this website are subject exclusively to the laws of Luxemburg.<\/p>\t\t\t\t\t\t\t\t<\/div>\n\t\t\t\t<\/div>\n\t\t\t\t\t<\/div>\n\t\t\t\t<\/div>\n\t\t\t\t<\/div>","protected":false},"excerpt":{"rendered":"<p>IMPRESSUM RECHTLICHER HINWEIS Verein:\u00a0 \u00a0 \u00a0 \u00a0 \u00a0 \u00a0 \u00a0 \u00a0 \u00a0 \u00a0 \u00a0 \u00a0 \u00a0 \u00a0 \u00a0 \u00a0 \u00a0 \u00a0SIERA Impact Fund Adresse:\u00a0 \u00a0 \u00a0 \u00a0 \u00a0 \u00a0 \u00a0 \u00a0 \u00a0 \u00a0 \u00a0 \u00a0 \u00a0 \u00a0 \u00a0 \u00a0 6 rue dicks, L-1417 Luxembourg Kontaktangaben:\u00a0 \u00a0 \u00a0 \u00a0 \u00a0 \u00a0 \u00a0 \u00a0Tel: + +352 20 [&hellip;]<\/p>\n","protected":false},"author":10,"featured_media":0,"parent":0,"menu_order":0,"comment_status":"closed","ping_status":"closed","template":"","meta":{"footnotes":""},"class_list":["post-964","page","type-page","status-publish","hentry"],"_links":{"self":[{"href":"https:\/\/siera-fund.com\/en\/wp-json\/wp\/v2\/pages\/964","targetHints":{"allow":["GET"]}}],"collection":[{"href":"https:\/\/siera-fund.com\/en\/wp-json\/wp\/v2\/pages"}],"about":[{"href":"https:\/\/siera-fund.com\/en\/wp-json\/wp\/v2\/types\/page"}],"author":[{"embeddable":true,"href":"https:\/\/siera-fund.com\/en\/wp-json\/wp\/v2\/users\/10"}],"replies":[{"embeddable":true,"href":"https:\/\/siera-fund.com\/en\/wp-json\/wp\/v2\/comments?post=964"}],"version-history":[{"count":7,"href":"https:\/\/siera-fund.com\/en\/wp-json\/wp\/v2\/pages\/964\/revisions"}],"predecessor-version":[{"id":974,"href":"https:\/\/siera-fund.com\/en\/wp-json\/wp\/v2\/pages\/964\/revisions\/974"}],"wp:attachment":[{"href":"https:\/\/siera-fund.com\/en\/wp-json\/wp\/v2\/media?parent=964"}],"curies":[{"name":"wp","href":"https:\/\/api.w.org\/{rel}","templated":true}]}}